{"id":9959,"date":"2023-06-28T17:46:20","date_gmt":"2023-06-28T22:46:20","guid":{"rendered":"https:\/\/babyevolution.com.co\/beonline\/?post_type=product&#038;p=9959"},"modified":"2024-12-02T08:31:33","modified_gmt":"2024-12-02T13:31:33","slug":"2-cereal-de-infantil-de-arroz","status":"publish","type":"product","link":"https:\/\/babyevolution.com.co\/beonline\/tienda\/2-cereal-de-infantil-de-arroz\/","title":{"rendered":"2 Cereal de infantil de arroz"},"content":{"rendered":"<p>*El cereal infantil de arroz Baby Evolution es buena fuente de calcio, hierro, f\u00f3sforo, zinc, selenio y las vitaminas A, B1, B2, B3, B5, B6, B12, C, D y E, dentro de una alimentaci\u00f3n completa.<\/p>\n<ul>\n<li><strong>La vitamina B5<\/strong> contribuye al rendimiento intelectual normal.<\/li>\n<li><strong>El hierro y el zinc<\/strong> contribuyen a la funci\u00f3n cognitiva normal y al funcionamiento normal del sistema inmunitario.<\/li>\n<li><strong>El calcio, f\u00f3sforo y vitamina D<\/strong> contribuyen al mantenimiento de huesos y dientes.<\/li>\n<\/ul>\n<p><strong>Ingredientes:<\/strong> Harina de arroz, premezcla de vitaminas y minerales (fosfato tric\u00e1lcico, fumarato ferroso, vitamina C, zinc aminoquelado, vitamina E, vitamina D3, niacina, \u00e1cido f\u00f3lico, vitamina A, selenito de sodio, pantotenato de calcio, yoduro de potasio, tiamina, piridoxina, riboflavina y cianocobalamina) y aceite de pescado (fuente de omega 3).<\/p>\n","protected":false},"excerpt":{"rendered":"<p><strong>El cereal infantil de arroz Baby Evolution<\/strong> es buena fuente de calcio, hierro, f\u00f3sforo, zinc, selenio y las vitaminas A, B1, B2, B3, B5, B6, B12, C, D y E, dentro de una alimentaci\u00f3n completa.<\/p>\n","protected":false},"featured_media":13206,"comment_status":"open","ping_status":"closed","template":"","meta":{"_et_pb_use_builder":"","_et_pb_old_content":"","_et_gb_content_width":""},"product_brand":[],"product_cat":[220],"product_tag":[],"class_list":{"0":"post-9959","1":"product","2":"type-product","3":"status-publish","4":"has-post-thumbnail","6":"product_cat-cereales","8":"first","9":"instock","10":"shipping-taxable","11":"purchasable","12":"product-type-simple"},"_links":{"self":[{"href":"https:\/\/babyevolution.com.co\/beonline\/wp-json\/wp\/v2\/product\/9959","targetHints":{"allow":["GET"]}}],"collection":[{"href":"https:\/\/babyevolution.com.co\/beonline\/wp-json\/wp\/v2\/product"}],"about":[{"href":"https:\/\/babyevolution.com.co\/beonline\/wp-json\/wp\/v2\/types\/product"}],"replies":[{"embeddable":true,"href":"https:\/\/babyevolution.com.co\/beonline\/wp-json\/wp\/v2\/comments?post=9959"}],"wp:featuredmedia":[{"embeddable":true,"href":"https:\/\/babyevolution.com.co\/beonline\/wp-json\/wp\/v2\/media\/13206"}],"wp:attachment":[{"href":"https:\/\/babyevolution.com.co\/beonline\/wp-json\/wp\/v2\/media?parent=9959"}],"wp:term":[{"taxonomy":"product_brand","embeddable":true,"href":"https:\/\/babyevolution.com.co\/beonline\/wp-json\/wp\/v2\/product_brand?post=9959"},{"taxonomy":"product_cat","embeddable":true,"href":"https:\/\/babyevolution.com.co\/beonline\/wp-json\/wp\/v2\/product_cat?post=9959"},{"taxonomy":"product_tag","embeddable":true,"href":"https:\/\/babyevolution.com.co\/beonline\/wp-json\/wp\/v2\/product_tag?post=9959"}],"curies":[{"name":"wp","href":"https:\/\/api.w.org\/{rel}","templated":true}]}}