{"id":9840,"date":"2023-05-15T09:22:10","date_gmt":"2023-05-15T14:22:10","guid":{"rendered":"https:\/\/babyevolution.com.co\/beonline\/?post_type=product&#038;p=9840"},"modified":"2025-03-05T00:00:19","modified_gmt":"2025-03-05T05:00:19","slug":"4-snacks-lonchera-elige-tus-sabores","status":"publish","type":"product","link":"https:\/\/babyevolution.com.co\/beonline\/tienda\/4-snacks-lonchera-elige-tus-sabores\/","title":{"rendered":"4 Snacks lonchera &#8211; Elige tus sabores"},"content":{"rendered":"<h2><strong>Contenido: 4 paquetes Snacks\u00a0<\/strong><\/h2>\n<h3>Snacks &#8211; Tringulitos de cereales<\/h3>\n<ul>\n<li><strong>No son fritos<\/strong><\/li>\n<li>Buena fuente de fibra<\/li>\n<li>Buena fuente de prote\u00edna<\/li>\n<li>Libres de gluten<\/li>\n<li>Sin conservantes<\/li>\n<li>Sin sabores artificiales<\/li>\n<li>1 porci\u00f3n &#8211; Cont. Neto 20g (0.7 Oz)<\/li>\n<\/ul>\n<p><strong>Informaci\u00f3n alerg\u00e9nica.<\/strong> Puede contener trazas de leche y\/o sus derivados.<\/p>\n<p>Producto listo para el consumo. No debe ser consumido por personas al\u00e9rgicas a la leche y\/o sus derivados.<\/p>\n<p>&nbsp;<\/p>\n","protected":false},"excerpt":{"rendered":"<p>Contenido: 4 paquetes Snacks\u00a0 Snacks &#8211; Tringulitos de cereales No son fritos Buena fuente de fibra Buena fuente de prote\u00edna Libres de gluten Sin conservantes Sin sabores artificiales 1 porci\u00f3n &#8211; Cont. Neto 20g (0.7 Oz) Informaci\u00f3n alerg\u00e9nica. Puede contener trazas de leche y\/o sus derivados. Producto listo para el consumo. No debe ser consumido [&hellip;]<\/p>\n","protected":false},"featured_media":13205,"comment_status":"open","ping_status":"closed","template":"","meta":{"_et_pb_use_builder":"off","_et_pb_old_content":"<ul>\r\n \t<li>Compota Fruta\u00a0<strong>Org\u00e1nica<\/strong><\/li>\r\n \t<li><strong>S\u00edn azucar<\/strong> a\u00f1adida<\/li>\r\n \t<li>S\u00edn colorantes<\/li>\r\n \t<li>S\u00edn adici\u00f3n de sal<\/li>\r\n \t<li>S\u00edn almid\u00f3n ni harinas<\/li>\r\n \t<li>S\u00edn agua a\u00f1adida<\/li>\r\n \t<li><strong>S\u00edn conservantes<\/strong>, ni aditivos<\/li>\r\n \t<li>Sin gluten<\/li>\r\n \t<li><strong>Libre de qu\u00edmicos<\/strong><\/li>\r\n<\/ul>\r\n<h4><strong>Compotas y galletas org\u00e1nicas para beb\u00e9s.<\/strong><\/h4>\r\n<strong>\u00a1Solo fruta y verdura! Libre de az\u00facar a\u00f1adido.<\/strong>\r\n\r\nBaby Evolution es una empresa Colombiana de productos org\u00e1nicos de la mejor calidad para ni\u00f1os.\r\n\r\nEstamos revolucionando la forma de alimentar a los ni\u00f1os colombianos con alternativas org\u00e1nicas, sin az\u00facar a\u00f1adido y deliciosas.\r\n\r\n<strong>\u00a1Evolucionamos la compota!<\/strong>\r\n\r\nCompotas para beb\u00e9s creadas de una combinaci\u00f3n de amor y responsabilidad. Hechas de frutas y verduras org\u00e1nicas. Buscamos las recetas para ni\u00f1os m\u00e1s deliciosas. Sabemos de la importancia de la alimentaci\u00f3n complementaria y nos esforzamos por proveer una alimentaci\u00f3n nutritiva despu\u00e9s de la leche materna.\r\n\r\nQueremos que tus hijos aprendan desde muy peque\u00f1os a disfrutar el sabor real de las frutas y las verduras, el olor y sus texturas, por eso, creamos productos Org\u00e1nicos.\r\n\r\n\u00a0","_et_gb_content_width":""},"product_brand":[],"product_cat":[209,210],"product_tag":[216,219,217,213,215,218],"class_list":{"0":"post-9840","1":"product","2":"type-product","3":"status-publish","4":"has-post-thumbnail","6":"product_cat-kids-evolution","7":"product_cat-snacks","8":"product_tag-lonchera","9":"product_tag-ninos","10":"product_tag-no-son-fritos","11":"product_tag-sabores","12":"product_tag-snacks","13":"product_tag-triangulitos","15":"first","16":"instock","17":"shipping-taxable","18":"purchasable","19":"product-type-woosb"},"_links":{"self":[{"href":"https:\/\/babyevolution.com.co\/beonline\/wp-json\/wp\/v2\/product\/9840","targetHints":{"allow":["GET"]}}],"collection":[{"href":"https:\/\/babyevolution.com.co\/beonline\/wp-json\/wp\/v2\/product"}],"about":[{"href":"https:\/\/babyevolution.com.co\/beonline\/wp-json\/wp\/v2\/types\/product"}],"replies":[{"embeddable":true,"href":"https:\/\/babyevolution.com.co\/beonline\/wp-json\/wp\/v2\/comments?post=9840"}],"wp:featuredmedia":[{"embeddable":true,"href":"https:\/\/babyevolution.com.co\/beonline\/wp-json\/wp\/v2\/media\/13205"}],"wp:attachment":[{"href":"https:\/\/babyevolution.com.co\/beonline\/wp-json\/wp\/v2\/media?parent=9840"}],"wp:term":[{"taxonomy":"product_brand","embeddable":true,"href":"https:\/\/babyevolution.com.co\/beonline\/wp-json\/wp\/v2\/product_brand?post=9840"},{"taxonomy":"product_cat","embeddable":true,"href":"https:\/\/babyevolution.com.co\/beonline\/wp-json\/wp\/v2\/product_cat?post=9840"},{"taxonomy":"product_tag","embeddable":true,"href":"https:\/\/babyevolution.com.co\/beonline\/wp-json\/wp\/v2\/product_tag?post=9840"}],"curies":[{"name":"wp","href":"https:\/\/api.w.org\/{rel}","templated":true}]}}