{"id":578,"date":"2017-11-29T22:53:07","date_gmt":"2017-11-30T03:53:07","guid":{"rendered":"https:\/\/babyevolution.com.co\/beonline\/?post_type=product&#038;p=578"},"modified":"2023-05-12T08:49:42","modified_gmt":"2023-05-12T13:49:42","slug":"compota-organica-de-frutas-y-verduras-caja-de-12-unidades-surtidas","status":"publish","type":"product","link":"https:\/\/babyevolution.com.co\/beonline\/tienda\/compota-organica-de-frutas-y-verduras-caja-de-12-unidades-surtidas\/","title":{"rendered":"Compota org\u00e1nica surtidas por 12"},"content":{"rendered":"<ul>\n<li>Compota Fruta y Verdura\u00a0<strong>Org\u00e1nica<\/strong><\/li>\n<li><strong>S\u00edn azucar<\/strong> a\u00f1adida<\/li>\n<li>S\u00edn colorantes<\/li>\n<li>S\u00edn adici\u00f3n de sal<\/li>\n<li>S\u00edn almid\u00f3n ni harinas<\/li>\n<li>S\u00edn agua a\u00f1adida<\/li>\n<li><strong>S\u00edn conservantes<\/strong>, ni aditivos<\/li>\n<li>Sin gluten<\/li>\n<li><strong>Libre de qu\u00edmicos<\/strong><\/li>\n<\/ul>\n<h4><strong>Compotas y galletas org\u00e1nicas para beb\u00e9s.<\/strong><\/h4>\n<p><strong>\u00a1Solo fruta y verdura! Libre de az\u00facar a\u00f1adido.<\/strong><\/p>\n<p>Baby Evolution es una empresa Colombiana de productos org\u00e1nicos de la mejor calidad para ni\u00f1os.<\/p>\n<p>Estamos revolucionando la forma de alimentar a los ni\u00f1os colombianos con alternativas org\u00e1nicas, sin az\u00facar a\u00f1adido y deliciosas.<\/p>\n<p><strong>\u00a1Evolucionamos la compota!<\/strong><\/p>\n<p>Compotas para beb\u00e9s creadas de una combinaci\u00f3n de amor y responsabilidad. Hechas de frutas y verduras org\u00e1nicas. Buscamos las recetas para ni\u00f1os m\u00e1s deliciosas. Sabemos de la importancia de la alimentaci\u00f3n complementaria y nos esforzamos por proveer una alimentaci\u00f3n nutritiva despu\u00e9s de la leche materna.<\/p>\n<p>Queremos que tus hijos aprendan desde muy peque\u00f1os a disfrutar el sabor real de las frutas y las verduras, el olor y sus texturas, por eso, creamos productos Org\u00e1nicos.<\/p>\n","protected":false},"excerpt":{"rendered":"<p><strong>Contenido:<\/strong><\/p>\n<ul>\n<li><strong>3<\/strong> compotas\u00a0de Pera &#8211; Mango &#8211; Espinaca<\/li>\n<li><strong>3<\/strong>\u00a0compotas de Manzana &#8211; Calabaza &#8211; Zanahoria<\/li>\n<li><strong>3<\/strong>\u00a0compotas de Banano Durazno Mango<\/li>\n<li><strong>3<\/strong>\u00a0compotas de Manzana Pera<\/li>\n<\/ul>\n","protected":false},"featured_media":581,"comment_status":"open","ping_status":"closed","template":"","meta":{"_et_pb_use_builder":"","_et_pb_old_content":"","_et_gb_content_width":""},"product_brand":[],"product_cat":[7],"product_tag":[27,9,10,188],"class_list":{"0":"post-578","1":"product","2":"type-product","3":"status-publish","4":"has-post-thumbnail","6":"product_cat-compotas","7":"product_tag-baby-evolution","8":"product_tag-compota","9":"product_tag-organica","10":"product_tag-pack","12":"first","13":"outofstock","14":"shipping-taxable","15":"purchasable","16":"product-type-simple"},"_links":{"self":[{"href":"https:\/\/babyevolution.com.co\/beonline\/wp-json\/wp\/v2\/product\/578","targetHints":{"allow":["GET"]}}],"collection":[{"href":"https:\/\/babyevolution.com.co\/beonline\/wp-json\/wp\/v2\/product"}],"about":[{"href":"https:\/\/babyevolution.com.co\/beonline\/wp-json\/wp\/v2\/types\/product"}],"replies":[{"embeddable":true,"href":"https:\/\/babyevolution.com.co\/beonline\/wp-json\/wp\/v2\/comments?post=578"}],"wp:featuredmedia":[{"embeddable":true,"href":"https:\/\/babyevolution.com.co\/beonline\/wp-json\/wp\/v2\/media\/581"}],"wp:attachment":[{"href":"https:\/\/babyevolution.com.co\/beonline\/wp-json\/wp\/v2\/media?parent=578"}],"wp:term":[{"taxonomy":"product_brand","embeddable":true,"href":"https:\/\/babyevolution.com.co\/beonline\/wp-json\/wp\/v2\/product_brand?post=578"},{"taxonomy":"product_cat","embeddable":true,"href":"https:\/\/babyevolution.com.co\/beonline\/wp-json\/wp\/v2\/product_cat?post=578"},{"taxonomy":"product_tag","embeddable":true,"href":"https:\/\/babyevolution.com.co\/beonline\/wp-json\/wp\/v2\/product_tag?post=578"}],"curies":[{"name":"wp","href":"https:\/\/api.w.org\/{rel}","templated":true}]}}