{"id":4475,"date":"2020-05-09T10:22:23","date_gmt":"2020-05-09T15:22:23","guid":{"rendered":"https:\/\/babyevolution.com.co\/beonline\/?post_type=product&#038;p=4475"},"modified":"2023-02-03T14:49:23","modified_gmt":"2023-02-03T19:49:23","slug":"compotas-galletas-organicas-manzana-pera-banano-durazno-mango-espinaca-calabaza-zanahoria-avena-canela-arandano-fresa-kale-col-caja","status":"publish","type":"product","link":"https:\/\/babyevolution.com.co\/beonline\/tienda\/compotas-galletas-organicas-manzana-pera-banano-durazno-mango-espinaca-calabaza-zanahoria-avena-canela-arandano-fresa-kale-col-caja\/","title":{"rendered":"Kit Compotas y Galletas Org\u00e1nicas Frutas y Verduras"},"content":{"rendered":"<p><strong>Compotas<\/strong><\/p>\n<ul>\n<li>Compota Fruta y Verdura <strong>Org\u00e1nica<\/strong><\/li>\n<li>S\u00edn azucar a\u00f1adida<\/li>\n<li>S\u00edn colorantes<\/li>\n<li>S\u00edn adici\u00f3n de sal<\/li>\n<li>S\u00edn almid\u00f3n ni harinas<\/li>\n<li>S\u00edn conservantes, ni aditivos<\/li>\n<li>Sin gluten<\/li>\n<li>Libre de qu\u00edmicos<\/li>\n<\/ul>\n<p><strong>Galletas<\/strong><\/p>\n<ul>\n<li>Galletas\u00a0<strong>Org\u00e1nicas<\/strong>\u00a0Infantiles<\/li>\n<li>Se disuelven f\u00e1cil en la boca<\/li>\n<li>Suave con las enc\u00edas<\/li>\n<li><strong>Libres de gluten.<\/strong><\/li>\n<\/ul>\n","protected":false},"excerpt":{"rendered":"<p style=\"text-align: left\"><strong>Contenido:<\/strong><\/p>\n<ul>\n<li>Compotas Org\u00e1nicas 18 und &#8211; 99gr c\/u<\/li>\n<li>Galletas Org\u00e1nicas 2 Cajas &#8211; 60gr c\/u (6 paquetes de 10gr en cada caja)<\/li>\n<\/ul>\n<ul>\n<li style=\"list-style-type: none\">\n<ul>\n<li><strong>3 <\/strong>Compotas Org\u00e1nicas sabor Manzana Pera<\/li>\n<li><strong>3 <\/strong>Compotas Org\u00e1nicas sabor Banano Durazno Mango<\/li>\n<li><strong>3 <\/strong>Compotas Org\u00e1nicas sabor Manzana Calabaza Zanahoria<\/li>\n<li><strong>3 <\/strong>Compotas Org\u00e1nicas sabor Pera Mango Espinaca<\/li>\n<li><strong>3 <\/strong>Compotas Org\u00e1nicas sabor Banano Avena Canela<\/li>\n<li><strong>3<\/strong> Compotas Org\u00e1nicas sabor Manzana Banano Fresa Ar\u00e1ndano<\/li>\n<li><strong>1 <\/strong>Caja de Galletas Org\u00e1nicas sabor Banano y Calabaza<\/li>\n<li><strong>1<\/strong> Caja de Galletas Org\u00e1nicas sabor Manzana Espinaca y Kale (Col)<\/li>\n<\/ul>\n<\/li>\n<\/ul>\n<p>Sin Az\u00facar A\u00f1adido*<\/p>\n<p>Fruta y Verdura Org\u00e1nica &#8211; Naturales &#8211; Cereal &#8211; Empaque Pr\u00e1ctico y Liviano &#8211; Tapa Antiahogamiento &#8211; Ideales para Lonchera y Pa\u00f1aleras &#8211; Beb\u00e9 &#8211; Alimentaci\u00f3n Complementaria.<\/p>\n<p>Galletas: Es para ni\u00f1os que se sienten sin apoyo y puedan gatear con el est\u00f3mago levantado del piso, que logran sujetar comida, est\u00e1n acostumbrados a comer s\u00f3lidos, usan la mand\u00edbula para apretar alimentos.<\/p>\n<p>La leche materna es el mejor alimento para el ni\u00f1o; recomendamos suministrarla el mayor tiempo posible. Este producto s\u00f3lo es complementario de la Leche Materna despu\u00e9s de los primeros (6) seis meses de edad del ni\u00f1o.<\/p>\n","protected":false},"featured_media":4476,"comment_status":"open","ping_status":"closed","template":"","meta":{"_et_pb_use_builder":"","_et_pb_old_content":"","_et_gb_content_width":""},"product_brand":[],"product_cat":[30],"product_tag":[],"class_list":{"0":"post-4475","1":"product","2":"type-product","3":"status-publish","4":"has-post-thumbnail","6":"product_cat-kits","8":"first","9":"outofstock","10":"shipping-taxable","11":"purchasable","12":"product-type-simple"},"_links":{"self":[{"href":"https:\/\/babyevolution.com.co\/beonline\/wp-json\/wp\/v2\/product\/4475","targetHints":{"allow":["GET"]}}],"collection":[{"href":"https:\/\/babyevolution.com.co\/beonline\/wp-json\/wp\/v2\/product"}],"about":[{"href":"https:\/\/babyevolution.com.co\/beonline\/wp-json\/wp\/v2\/types\/product"}],"replies":[{"embeddable":true,"href":"https:\/\/babyevolution.com.co\/beonline\/wp-json\/wp\/v2\/comments?post=4475"}],"wp:featuredmedia":[{"embeddable":true,"href":"https:\/\/babyevolution.com.co\/beonline\/wp-json\/wp\/v2\/media\/4476"}],"wp:attachment":[{"href":"https:\/\/babyevolution.com.co\/beonline\/wp-json\/wp\/v2\/media?parent=4475"}],"wp:term":[{"taxonomy":"product_brand","embeddable":true,"href":"https:\/\/babyevolution.com.co\/beonline\/wp-json\/wp\/v2\/product_brand?post=4475"},{"taxonomy":"product_cat","embeddable":true,"href":"https:\/\/babyevolution.com.co\/beonline\/wp-json\/wp\/v2\/product_cat?post=4475"},{"taxonomy":"product_tag","embeddable":true,"href":"https:\/\/babyevolution.com.co\/beonline\/wp-json\/wp\/v2\/product_tag?post=4475"}],"curies":[{"name":"wp","href":"https:\/\/api.w.org\/{rel}","templated":true}]}}