{"id":3856,"date":"2020-03-12T18:42:08","date_gmt":"2020-03-12T23:42:08","guid":{"rendered":"https:\/\/babyevolution.com.co\/beonline\/?post_type=product&#038;p=3856"},"modified":"2024-12-02T08:36:08","modified_gmt":"2024-12-02T13:36:08","slug":"1-compotamanzana-calabaza-zanahoria","status":"publish","type":"product","link":"https:\/\/babyevolution.com.co\/beonline\/tienda\/1-compotamanzana-calabaza-zanahoria\/","title":{"rendered":"Compota org\u00e1nica Manzana Calabaza Zanahoria"},"content":{"rendered":"<h2>1 Compota org\u00e1nica Manzana Calabaza Zanahoria<\/h2>\n<ul>\n<li>Compota Org\u00e1nica<\/li>\n<li>S\u00edn az\u00facar a\u00f1adido<\/li>\n<li>Empresa Colombiana<\/li>\n<\/ul>\n","protected":false},"excerpt":{"rendered":"<p>1 compota de Manzana Calabaza Zanahoria<\/p>\n","protected":false},"featured_media":13212,"comment_status":"open","ping_status":"closed","template":"","meta":{"_et_pb_use_builder":"","_et_pb_old_content":"","_et_gb_content_width":""},"product_brand":[],"product_cat":[7],"product_tag":[27,204,26,194,205],"class_list":{"0":"post-3856","1":"product","2":"type-product","3":"status-publish","4":"has-post-thumbnail","6":"product_cat-compotas","7":"product_tag-baby-evolution","8":"product_tag-calabaza","9":"product_tag-compota-compotas-organica","10":"product_tag-manzana","11":"product_tag-zanahoria","13":"first","14":"instock","15":"shipping-taxable","16":"purchasable","17":"product-type-simple"},"_links":{"self":[{"href":"https:\/\/babyevolution.com.co\/beonline\/wp-json\/wp\/v2\/product\/3856","targetHints":{"allow":["GET"]}}],"collection":[{"href":"https:\/\/babyevolution.com.co\/beonline\/wp-json\/wp\/v2\/product"}],"about":[{"href":"https:\/\/babyevolution.com.co\/beonline\/wp-json\/wp\/v2\/types\/product"}],"replies":[{"embeddable":true,"href":"https:\/\/babyevolution.com.co\/beonline\/wp-json\/wp\/v2\/comments?post=3856"}],"wp:featuredmedia":[{"embeddable":true,"href":"https:\/\/babyevolution.com.co\/beonline\/wp-json\/wp\/v2\/media\/13212"}],"wp:attachment":[{"href":"https:\/\/babyevolution.com.co\/beonline\/wp-json\/wp\/v2\/media?parent=3856"}],"wp:term":[{"taxonomy":"product_brand","embeddable":true,"href":"https:\/\/babyevolution.com.co\/beonline\/wp-json\/wp\/v2\/product_brand?post=3856"},{"taxonomy":"product_cat","embeddable":true,"href":"https:\/\/babyevolution.com.co\/beonline\/wp-json\/wp\/v2\/product_cat?post=3856"},{"taxonomy":"product_tag","embeddable":true,"href":"https:\/\/babyevolution.com.co\/beonline\/wp-json\/wp\/v2\/product_tag?post=3856"}],"curies":[{"name":"wp","href":"https:\/\/api.w.org\/{rel}","templated":true}]}}