{"id":12151,"date":"2024-04-10T10:45:46","date_gmt":"2024-04-10T15:45:46","guid":{"rendered":"https:\/\/babyevolution.com.co\/beonline\/?post_type=product&#038;p=12151"},"modified":"2025-06-06T11:20:44","modified_gmt":"2025-06-06T16:20:44","slug":"4-paquetes-de-galletas-infantiles-organicas-elige-tu-sabor","status":"publish","type":"product","link":"https:\/\/babyevolution.com.co\/beonline\/tienda\/4-paquetes-de-galletas-infantiles-organicas-elige-tu-sabor\/","title":{"rendered":"4 paquetes de galletas infantiles org\u00e1nicas &#8211; Elige tu sabor"},"content":{"rendered":"<h2><strong>Contenido: 4 paquetes de galletas infantiles org\u00e1nicas<\/strong><\/h2>\n<h3>Sabor Coco &#8211; Vainilla<\/h3>\n<ul>\n<li>Con coco.<\/li>\n<li>Con sabores naturales.<\/li>\n<li>Endulzadas con jugo concentrado de fruta.<\/li>\n<\/ul>\n<p><strong>Ingredientes:<\/strong>\u00a0Harina de espelta org\u00e1nica, jugo concentrado de manzana org\u00e1nico, aceite de semillas de girasol org\u00e1nico, almid\u00f3n de trigo org\u00e1nico, harina de arroz org\u00e1nica, copos de coco deshidratados org\u00e1nicos (2.3%), carbonato de sodio (gasificante), vitamina B1, sabor natural org\u00e1nico de vainilla, sabor natural de coco.\u00a0<strong>Informaci\u00f3n alerg\u00e9nica.<\/strong>\u00a0Contiene gluten y puede contener trazas de soja, mostaza y sus derivados. Fabricado en una planta que procesa huevo, l\u00e1cteos, nueces, lupino y sus derivados.<\/p>\n<hr \/>\n<h3>Sabor Banano &#8211; Fresa<\/h3>\n<ul>\n<li>Con banano y fresa.<\/li>\n<li>Con sabores naturales.<\/li>\n<li>Endulzadas con jugo concentrado de fruta.<\/li>\n<\/ul>\n<p><strong>Ingredientes:<\/strong>\u00a0Harina de espelta org\u00e1nica, jugo concentrado de manzana org\u00e1nico, aceite de semillas de girasol org\u00e1nico, almid\u00f3n de trigo org\u00e1nico, harina de arroz org\u00e1nica, pur\u00e9 de banano org\u00e1nico (7%), pur\u00e9 de fresa org\u00e1nico (3%), carbonato de sodio (gasificante), vitamina B1, sabor natural org\u00e1nico de banano, sabor natural org\u00e1nico de frutos rojos.\u00a0<strong>Informaci\u00f3n alerg\u00e9nica.<\/strong>\u00a0Contiene gluten y puede contener trazas de soja, mostaza y sus derivados. Fabricado en una planta que procesa huevo, l\u00e1cteos, nueces, lupino y sus derivados.<\/p>\n<hr \/>\n<p><strong>Instrucciones de uso<\/strong>: Producto listo para consumo. Las galletas tambi\u00e9n pueden ser trituradas y mezcladas con leche. Los ni\u00f1os deben ser supervisados durante el proceso de consumo.\u00a0<strong>Instrucciones de conservaci\u00f3n:<\/strong>\u00a0Almacenar a temperatura ambiente, en un lugar seco y protegido de la luz. Una vez abierto, consumir en el menor tiempo posible.<\/p>\n","protected":false},"excerpt":{"rendered":"<h2><strong>Contenido: 4 paquetes de galletas infantiles org\u00e1nicas<\/strong><\/h2>\n<h3>Sabor Coco &#8211; Vainilla y\/o de Sabor Banano &#8211; Fresa<\/h3>\n","protected":false},"featured_media":13204,"comment_status":"open","ping_status":"closed","template":"","meta":{"_et_pb_use_builder":"","_et_pb_old_content":"","_et_gb_content_width":""},"product_brand":[],"product_cat":[229,209],"product_tag":[230,207,234,232,233,214,213],"class_list":{"0":"post-12151","1":"product","2":"type-product","3":"status-publish","4":"has-post-thumbnail","6":"product_cat-galletas-organicas-infantiles","7":"product_cat-kids-evolution","8":"product_tag-coco","9":"product_tag-fresa","10":"product_tag-galletas","11":"product_tag-infantiles","12":"product_tag-kids-evolution","13":"product_tag-organicas","14":"product_tag-sabores","16":"first","17":"instock","18":"shipping-taxable","19":"purchasable","20":"product-type-woosb"},"_links":{"self":[{"href":"https:\/\/babyevolution.com.co\/beonline\/wp-json\/wp\/v2\/product\/12151","targetHints":{"allow":["GET"]}}],"collection":[{"href":"https:\/\/babyevolution.com.co\/beonline\/wp-json\/wp\/v2\/product"}],"about":[{"href":"https:\/\/babyevolution.com.co\/beonline\/wp-json\/wp\/v2\/types\/product"}],"replies":[{"embeddable":true,"href":"https:\/\/babyevolution.com.co\/beonline\/wp-json\/wp\/v2\/comments?post=12151"}],"wp:featuredmedia":[{"embeddable":true,"href":"https:\/\/babyevolution.com.co\/beonline\/wp-json\/wp\/v2\/media\/13204"}],"wp:attachment":[{"href":"https:\/\/babyevolution.com.co\/beonline\/wp-json\/wp\/v2\/media?parent=12151"}],"wp:term":[{"taxonomy":"product_brand","embeddable":true,"href":"https:\/\/babyevolution.com.co\/beonline\/wp-json\/wp\/v2\/product_brand?post=12151"},{"taxonomy":"product_cat","embeddable":true,"href":"https:\/\/babyevolution.com.co\/beonline\/wp-json\/wp\/v2\/product_cat?post=12151"},{"taxonomy":"product_tag","embeddable":true,"href":"https:\/\/babyevolution.com.co\/beonline\/wp-json\/wp\/v2\/product_tag?post=12151"}],"curies":[{"name":"wp","href":"https:\/\/api.w.org\/{rel}","templated":true}]}}