{"id":11987,"date":"2025-06-04T11:53:15","date_gmt":"2025-06-04T16:53:15","guid":{"rendered":"https:\/\/babyevolution.com.co\/beonline\/?post_type=product&#038;p=11987"},"modified":"2025-07-07T00:05:40","modified_gmt":"2025-07-07T05:05:40","slug":"galletas-organicas-infantiles-coco-vainilla","status":"publish","type":"product","link":"https:\/\/babyevolution.com.co\/beonline\/tienda\/galletas-organicas-infantiles-coco-vainilla\/","title":{"rendered":"Galletas org\u00e1nicas infantiles coco &#8211; vainilla"},"content":{"rendered":"<h2><strong>Galletas infantiles org\u00e1nicas Coco &#8211; Vainilla<\/strong><\/h2>\n<ul>\n<li>Con coco.<\/li>\n<li>Con sabores naturales.<\/li>\n<li>Endulzadas con jugo concentrado de fruta.<\/li>\n<\/ul>\n<p><strong>Ingredientes:<\/strong> Harina de espelta org\u00e1nica, jugo concentrado de manzana org\u00e1nico, aceite de semillas de girasol org\u00e1nico, almid\u00f3n de trigo org\u00e1nico, harina de arroz org\u00e1nica, copos de coco deshidratados org\u00e1nicos (2.3%), carbonato de sodio (gasificante), vitamina B1, sabor natural org\u00e1nico de vainilla, sabor natural de coco.<\/p>\n<p><strong>Informaci\u00f3n alerg\u00e9nica.<\/strong> Contiene gluten y puede contener trazas de soja, mostaza y sus derivados. Fabricado en una planta que procesa huevo, l\u00e1cteos, nueces, lupino y sus derivados.<\/p>\n","protected":false},"excerpt":{"rendered":"<h2><strong>Galletas infantiles org\u00e1nicas Coco &#8211; Vainilla<\/strong><\/h2>\n<ul>\n<li>Con coco.<\/li>\n<li>Con sabores naturales.<\/li>\n<li>Endulzadas con jugo concentrado de fruta.<\/li>\n<\/ul>\n","protected":false},"featured_media":11989,"comment_status":"open","ping_status":"closed","template":"","meta":{"_et_pb_use_builder":"","_et_pb_old_content":"","_et_gb_content_width":""},"product_brand":[],"product_cat":[229,209],"product_tag":[],"class_list":{"0":"post-11987","1":"product","2":"type-product","3":"status-publish","4":"has-post-thumbnail","6":"product_cat-galletas-organicas-infantiles","7":"product_cat-kids-evolution","9":"first","10":"instock","11":"shipping-taxable","12":"purchasable","13":"product-type-simple"},"_links":{"self":[{"href":"https:\/\/babyevolution.com.co\/beonline\/wp-json\/wp\/v2\/product\/11987","targetHints":{"allow":["GET"]}}],"collection":[{"href":"https:\/\/babyevolution.com.co\/beonline\/wp-json\/wp\/v2\/product"}],"about":[{"href":"https:\/\/babyevolution.com.co\/beonline\/wp-json\/wp\/v2\/types\/product"}],"replies":[{"embeddable":true,"href":"https:\/\/babyevolution.com.co\/beonline\/wp-json\/wp\/v2\/comments?post=11987"}],"wp:featuredmedia":[{"embeddable":true,"href":"https:\/\/babyevolution.com.co\/beonline\/wp-json\/wp\/v2\/media\/11989"}],"wp:attachment":[{"href":"https:\/\/babyevolution.com.co\/beonline\/wp-json\/wp\/v2\/media?parent=11987"}],"wp:term":[{"taxonomy":"product_brand","embeddable":true,"href":"https:\/\/babyevolution.com.co\/beonline\/wp-json\/wp\/v2\/product_brand?post=11987"},{"taxonomy":"product_cat","embeddable":true,"href":"https:\/\/babyevolution.com.co\/beonline\/wp-json\/wp\/v2\/product_cat?post=11987"},{"taxonomy":"product_tag","embeddable":true,"href":"https:\/\/babyevolution.com.co\/beonline\/wp-json\/wp\/v2\/product_tag?post=11987"}],"curies":[{"name":"wp","href":"https:\/\/api.w.org\/{rel}","templated":true}]}}