{"id":16,"date":"2017-02-27T19:43:34","date_gmt":"2017-02-27T19:43:34","guid":{"rendered":"http:\/\/babyevolution.com.co\/beonline\/tienda\/"},"modified":"2025-12-19T13:30:12","modified_gmt":"2025-12-19T18:30:12","slug":"tienda","status":"publish","type":"page","link":"https:\/\/babyevolution.com.co\/beonline\/","title":{"rendered":"Tienda Online Baby Evolution"},"content":{"rendered":"<p>[et_pb_section fb_built=\u00bb1&#8243; inner_shadow=\u00bbon\u00bb _builder_version=\u00bb4.4.8&#8243; background_color=\u00bb#74ccbb\u00bb custom_margin=\u00bb0px||0px||false|false\u00bb custom_padding=\u00bb25px||0px||false|false\u00bb locked=\u00bboff\u00bb][\/et_pb_section][et_pb_section fb_built=\u00bb1&#8243; _builder_version=\u00bb4.4.8&#8243; custom_margin=\u00bb0px||0px||false|false\u00bb custom_padding=\u00bb0px||0px||false|false\u00bb][et_pb_row _builder_version=\u00bb4.4.8&#8243; background_size=\u00bbinitial\u00bb background_position=\u00bbtop_left\u00bb background_repeat=\u00bbrepeat\u00bb width=\u00bb100%\u00bb max_width=\u00bb100%\u00bb custom_padding=\u00bb||0px|||\u00bb][et_pb_column type=\u00bb4_4&#8243; _builder_version=\u00bb3.25&#8243; custom_padding=\u00bb|||\u00bb custom_padding__hover=\u00bb|||\u00bb][et_pb_text _builder_version=\u00bb4.4.8&#8243; text_font=\u00bbABeeZee||||||||\u00bb text_text_color=\u00bb#837eb9&#8243; text_font_size=\u00bb25px\u00bb header_font=\u00bb|600|||||||\u00bb header_text_color=\u00bb#74ccbb\u00bb header_3_font=\u00bbABeeZee|700|||||||\u00bb header_3_text_align=\u00bbcenter\u00bb header_3_text_color=\u00bb#837eb9&#8243; header_3_font_size=\u00bb24px\u00bb header_5_text_color=\u00bb#666666&#8243; background_color=\u00bbrgba(0,0,0,0)\u00bb background_size=\u00bbinitial\u00bb background_position=\u00bbtop_left\u00bb background_repeat=\u00bbrepeat\u00bb text_orientation=\u00bbcenter\u00bb min_height=\u00bb101px\u00bb custom_margin=\u00bb0px||0px||false|false\u00bb custom_padding=\u00bb0px||0px||false|false\u00bb animation_style=\u00bbbounce\u00bb border_color_all=\u00bb#837eb9&#8243; box_shadow_style=\u00bbpreset3&#8243;]<\/p>\n<h1 style=\"text-align: center;\"><!-- divi:paragraph -->\u00a0\u00a1TIENDA ONLINE!<\/h1>\n<h5 style=\"text-align: center;\">S\u00f3lo despachos en Colombia. *Tiempos estimados de entrega: Bogot\u00e1 3 d\u00edas h\u00e1biles \u2013 Ciudades principales de 5 a 7 d\u00edas h\u00e1biles \u2013 Otras ciudades o municipios sujetos a la operaci\u00f3n de la transportadora.<\/h5>\n<h6 style=\"text-align: center;\"><b><span>*Los tiempos pueden variar seg\u00fan novedades en la operaci\u00f3n log\u00edstica.<\/span><\/b><\/h6>\n<p style=\"text-align: center;\"><!-- \/divi:paragraph --><\/p>\n<p style=\"text-align: center;\"><!-- divi:html \/--><\/p>\n<p style=\"text-align: center;\"><!-- divi:paragraph {\"align\":\"center\"} --> <!-- \/divi:paragraph --> <!-- divi:heading {\"align\":\"center\",\"level\":4} --><\/p>\n<p>[\/et_pb_text][\/et_pb_column][\/et_pb_row][\/et_pb_section][et_pb_section fb_built=\u00bb1&#8243; _builder_version=\u00bb3.22&#8243; custom_padding=\u00bb5px|||||\u00bb][et_pb_row make_equal=\u00bbon\u00bb _builder_version=\u00bb4.4.8&#8243; positioning=\u00bbnone\u00bb vertical_offset=\u00bb0px\u00bb horizontal_offset=\u00bb0px\u00bb position_origin_a_tablet=\u00bb\u00bb position_origin_a_phone=\u00bb\u00bb position_origin_a_last_edited=\u00bbon|desktop\u00bb position_origin_f_tablet=\u00bb\u00bb position_origin_f_phone=\u00bb\u00bb position_origin_f_last_edited=\u00bbon|desktop\u00bb position_origin_r_tablet=\u00bb\u00bb position_origin_r_phone=\u00bb\u00bb position_origin_r_last_edited=\u00bbon|desktop\u00bb max_width=\u00bb100%\u00bb custom_margin=\u00bb-49px|auto||auto||\u00bb custom_padding=\u00bb||6px|||\u00bb positioning_tablet=\u00bb\u00bb positioning_phone=\u00bbnone\u00bb positioning_last_edited=\u00bbon|phone\u00bb][et_pb_column type=\u00bb4_4&#8243; _builder_version=\u00bb4.4.8&#8243;][et_pb_divider color=\u00bbrgba(102,102,102,0.49)\u00bb _builder_version=\u00bb4.4.8&#8243;][\/et_pb_divider][et_pb_shop type=\u00bbproduct_category\u00bb posts_number=\u00bb36&#8243; show_pagination=\u00bbon\u00bb include_categories=\u00bb22,7,30,209,220,210,229&#8243; columns_number=\u00bb4&#8243; orderby=\u00bbprice\u00bb sale_badge_color=\u00bb#ffffff\u00bb icon_hover_color=\u00bb#ffffff\u00bb hover_overlay_color=\u00bbrgba(126,136,185,0.63)\u00bb _builder_version=\u00bb4.4.8&#8243; title_font=\u00bb|600|||||||\u00bb title_text_align=\u00bbcenter\u00bb title_text_color=\u00bb#666666&#8243; price_font=\u00bb|700|||||||\u00bb price_text_color=\u00bb#837eb9&#8243; price_font_size=\u00bb22px\u00bb sale_badge_font=\u00bb|700|||||||\u00bb sale_badge_text_color=\u00bb#ffffff\u00bb sale_badge_font_size=\u00bb13px\u00bb rating_font_size=\u00bb14px\u00bb background_color=\u00bb#ffffff\u00bb text_orientation=\u00bbcenter\u00bb min_height=\u00bb1034px\u00bb custom_margin=\u00bb||||false|false\u00bb custom_padding=\u00bb||0px||false|false\u00bb animation_style=\u00bbfade\u00bb custom_css_product=\u00bbborder: 1px solid#ccc!important;|| padding-top: 10px!important;||padding-bottom: 15px!important;||padding-right: 15px!important;|| padding-left: 15px!important;\u00bb border_color_bottom=\u00bb#ffffff\u00bb border_radii_image=\u00bbon|10px|10px|10px|10px\u00bb border_radii_image_phone=\u00bbon||||\u00bb border_radii_image_last_edited=\u00bboff|phone\u00bb border_radii_image__hover_enabled=\u00bbon|desktop\u00bb custom_css_main_element_last_edited=\u00bbon|phone\u00bb custom_css_main_element__hover_enabled=\u00bboff|desktop\u00bb custom_css_before_last_edited=\u00bbon|phone\u00bb custom_css_before_phone=\u00bbwidth: 100%!important;\u00bb custom_css_before__hover_enabled=\u00bboff|desktop\u00bb][\/et_pb_shop][\/et_pb_column][\/et_pb_row][et_pb_row _builder_version=\u00bb4.4.8&#8243;][et_pb_column type=\u00bb4_4&#8243; _builder_version=\u00bb4.4.8&#8243;][et_pb_text _builder_version=\u00bb4.4.8&#8243; text_font_size=\u00bb16px\u00bb]<\/p>\n<p>Tambien nos consigues en:\u00a0<\/p>\n<p>[\/et_pb_text][\/et_pb_column][\/et_pb_row][et_pb_row column_structure=\u00bb1_3,1_3,1_3&#8243; _builder_version=\u00bb4.4.8&#8243; custom_padding=\u00bb3px|||||\u00bb][et_pb_column type=\u00bb1_3&#8243; _builder_version=\u00bb4.4.8&#8243;][et_pb_image src=\u00bbhttps:\/\/babyevolution.com.co\/beonline\/wp-content\/uploads\/2018\/12\/lo-pido.png\u00bb alt=\u00bbLopido.com\u00bb title_text=\u00bbLopido.com\u00bb url=\u00bbhttps:\/\/www.lopido.com\/maternidad-y-bebes\/nutricion\/compotas\/be?initialMap=c,c,c&#038;initialQuery=maternidad-y-bebes\/nutricion\/compotas&#038;map=category-1,category-2,category-3,brand\u00bb url_new_window=\u00bbon\u00bb _builder_version=\u00bb4.4.8&#8243;][\/et_pb_image][\/et_pb_column][et_pb_column type=\u00bb1_3&#8243; _builder_version=\u00bb4.4.8&#8243;][et_pb_image src=\u00bbhttps:\/\/babyevolution.com.co\/beonline\/wp-content\/uploads\/2018\/12\/la-rebaja.png\u00bb alt=\u00bbLa rebaja\u00bb title_text=\u00bbLa rebaja\u00bb url=\u00bbhttps:\/\/larebajavirtual.com\/catalogo\/producto\/producto\/109919\/\u00bb url_new_window=\u00bbon\u00bb _builder_version=\u00bb4.4.8&#8243;][\/et_pb_image][\/et_pb_column][et_pb_column type=\u00bb1_3&#8243; _builder_version=\u00bb4.4.8&#8243;][et_pb_image src=\u00bbhttps:\/\/babyevolution.com.co\/beonline\/wp-content\/uploads\/2024\/10\/logo-farmatodo.jpg\u00bb alt=\u00bbFarmatodo\u00bb title_text=\u00bbFarmatodo\u00bb url=\u00bbhttps:\/\/www.farmatodo.com.co\/buscar?product=compo&#038;departamento=Todos&#038;filtros=%20AND%20%20marca:%27Baby%20Evolution%27%20AND%20fullPrice%20%3E%3D%201%20AND%20fullPrice%20%3C%3D%201524750&#8243; url_new_window=\u00bbon\u00bb _builder_version=\u00bb4.4.8&#8243;][\/et_pb_image][\/et_pb_column][\/et_pb_row][\/et_pb_section]<\/p>\n","protected":false},"excerpt":{"rendered":"<p>[et_pb_section fb_built=\u00bb1&#8243; inner_shadow=\u00bbon\u00bb _builder_version=\u00bb4.4.8&#8243; background_color=\u00bb#74ccbb\u00bb custom_margin=\u00bb0px||0px||false|false\u00bb custom_padding=\u00bb25px||0px||false|false\u00bb locked=\u00bboff\u00bb][\/et_pb_section][et_pb_section fb_built=\u00bb1&#8243; _builder_version=\u00bb4.4.8&#8243; custom_margin=\u00bb0px||0px||false|false\u00bb custom_padding=\u00bb0px||0px||false|false\u00bb][et_pb_row _builder_version=\u00bb4.4.8&#8243; background_size=\u00bbinitial\u00bb background_position=\u00bbtop_left\u00bb background_repeat=\u00bbrepeat\u00bb width=\u00bb100%\u00bb max_width=\u00bb100%\u00bb custom_padding=\u00bb||0px|||\u00bb][et_pb_column type=\u00bb4_4&#8243; _builder_version=\u00bb3.25&#8243; custom_padding=\u00bb|||\u00bb custom_padding__hover=\u00bb|||\u00bb][et_pb_text _builder_version=\u00bb4.4.8&#8243; text_font=\u00bbABeeZee||||||||\u00bb text_text_color=\u00bb#837eb9&#8243; text_font_size=\u00bb25px\u00bb header_font=\u00bb|600|||||||\u00bb header_text_color=\u00bb#74ccbb\u00bb header_3_font=\u00bbABeeZee|700|||||||\u00bb header_3_text_align=\u00bbcenter\u00bb header_3_text_color=\u00bb#837eb9&#8243; header_3_font_size=\u00bb24px\u00bb header_5_text_color=\u00bb#666666&#8243; background_color=\u00bbrgba(0,0,0,0)\u00bb background_size=\u00bbinitial\u00bb background_position=\u00bbtop_left\u00bb background_repeat=\u00bbrepeat\u00bb text_orientation=\u00bbcenter\u00bb min_height=\u00bb101px\u00bb custom_margin=\u00bb0px||0px||false|false\u00bb custom_padding=\u00bb0px||0px||false|false\u00bb animation_style=\u00bbbounce\u00bb border_color_all=\u00bb#837eb9&#8243; box_shadow_style=\u00bbpreset3&#8243;] \u00a0\u00a1TIENDA ONLINE! S\u00f3lo despachos en Colombia. *Tiempos estimados de entrega: [&hellip;]<\/p>\n","protected":false},"author":1,"featured_media":0,"parent":0,"menu_order":0,"comment_status":"closed","ping_status":"closed","template":"","meta":{"_et_pb_use_builder":"on","_et_pb_old_content":"<!-- wp:paragraph -->\n<p><\/p>\n<!-- \/wp:paragraph -->\n\n<!-- wp:html \/-->\n\n<!-- wp:paragraph {\"align\":\"center\"} -->\n<p class=\"has-text-align-center\"><strong>S\u00f3lo despachos en Colombia<\/strong><br>Debido a la situaci\u00f3n tendremos un poco de demora en los despachos.<\/p>\n<!-- \/wp:paragraph -->\n\n<!-- wp:heading {\"align\":\"center\",\"level\":4} -->\n<h4 class=\"has-text-align-center\"><\/h4>\n<!-- \/wp:heading -->\n\n<p><!-- Google Code for Vista Producto Conversion Page --><br><script type=\"text\/javascript\"><br \/>\n\/* <![CDATA[ *\/ var google_conversion_id = 935659083; var google_conversion_language = \"en\"; var google_conversion_format = \"3\"; var google_conversion_color = \"ffffff\"; var google_conversion_label = \"-8FJCJyvjnEQy4yUvgM\"; var google_remarketing_only = false; \/* ]]> *\/<br \/>\n<\/script><br><script type=\"text\/javascript\" src=\"\/\/www.googleadservices.com\/pagead\/conversion.js\"><br \/>\n<\/script><\/p>\n<p><\/p>","_et_gb_content_width":"793","footnotes":""},"class_list":["post-16","page","type-page","status-publish","hentry"],"_links":{"self":[{"href":"https:\/\/babyevolution.com.co\/beonline\/wp-json\/wp\/v2\/pages\/16","targetHints":{"allow":["GET"]}}],"collection":[{"href":"https:\/\/babyevolution.com.co\/beonline\/wp-json\/wp\/v2\/pages"}],"about":[{"href":"https:\/\/babyevolution.com.co\/beonline\/wp-json\/wp\/v2\/types\/page"}],"author":[{"embeddable":true,"href":"https:\/\/babyevolution.com.co\/beonline\/wp-json\/wp\/v2\/users\/1"}],"replies":[{"embeddable":true,"href":"https:\/\/babyevolution.com.co\/beonline\/wp-json\/wp\/v2\/comments?post=16"}],"version-history":[{"count":167,"href":"https:\/\/babyevolution.com.co\/beonline\/wp-json\/wp\/v2\/pages\/16\/revisions"}],"predecessor-version":[{"id":15304,"href":"https:\/\/babyevolution.com.co\/beonline\/wp-json\/wp\/v2\/pages\/16\/revisions\/15304"}],"wp:attachment":[{"href":"https:\/\/babyevolution.com.co\/beonline\/wp-json\/wp\/v2\/media?parent=16"}],"curies":[{"name":"wp","href":"https:\/\/api.w.org\/{rel}","templated":true}]}}